{"id":2613,"date":"2024-11-08T07:28:55","date_gmt":"2024-11-08T06:28:55","guid":{"rendered":"https:\/\/marija.si\/das-krippenmuseum\/"},"modified":"2025-08-14T16:35:36","modified_gmt":"2025-08-14T14:35:36","slug":"krippenmuseum","status":"publish","type":"page","link":"https:\/\/marija.si\/de\/krippenmuseum\/","title":{"rendered":"Krippenmuseum"},"content":{"rendered":"\t\t<div data-elementor-type=\"wp-page\" data-elementor-id=\"2613\" class=\"elementor elementor-2613 elementor-1498\" data-elementor-settings=\"{&quot;element_pack_global_tooltip_width&quot;:{&quot;unit&quot;:&quot;px&quot;,&quot;size&quot;:&quot;&quot;,&quot;sizes&quot;:[]},&quot;element_pack_global_tooltip_width_laptop&quot;:{&quot;unit&quot;:&quot;px&quot;,&quot;size&quot;:&quot;&quot;,&quot;sizes&quot;:[]},&quot;element_pack_global_tooltip_width_tablet&quot;:{&quot;unit&quot;:&quot;px&quot;,&quot;size&quot;:&quot;&quot;,&quot;sizes&quot;:[]},&quot;element_pack_global_tooltip_width_mobile&quot;:{&quot;unit&quot;:&quot;px&quot;,&quot;size&quot;:&quot;&quot;,&quot;sizes&quot;:[]},&quot;element_pack_global_tooltip_padding&quot;:{&quot;unit&quot;:&quot;px&quot;,&quot;top&quot;:&quot;&quot;,&quot;right&quot;:&quot;&quot;,&quot;bottom&quot;:&quot;&quot;,&quot;left&quot;:&quot;&quot;,&quot;isLinked&quot;:true},&quot;element_pack_global_tooltip_padding_laptop&quot;:{&quot;unit&quot;:&quot;px&quot;,&quot;top&quot;:&quot;&quot;,&quot;right&quot;:&quot;&quot;,&quot;bottom&quot;:&quot;&quot;,&quot;left&quot;:&quot;&quot;,&quot;isLinked&quot;:true},&quot;element_pack_global_tooltip_padding_tablet&quot;:{&quot;unit&quot;:&quot;px&quot;,&quot;top&quot;:&quot;&quot;,&quot;right&quot;:&quot;&quot;,&quot;bottom&quot;:&quot;&quot;,&quot;left&quot;:&quot;&quot;,&quot;isLinked&quot;:true},&quot;element_pack_global_tooltip_padding_mobile&quot;:{&quot;unit&quot;:&quot;px&quot;,&quot;top&quot;:&quot;&quot;,&quot;right&quot;:&quot;&quot;,&quot;bottom&quot;:&quot;&quot;,&quot;left&quot;:&quot;&quot;,&quot;isLinked&quot;:true},&quot;element_pack_global_tooltip_border_radius&quot;:{&quot;unit&quot;:&quot;px&quot;,&quot;top&quot;:&quot;&quot;,&quot;right&quot;:&quot;&quot;,&quot;bottom&quot;:&quot;&quot;,&quot;left&quot;:&quot;&quot;,&quot;isLinked&quot;:true},&quot;element_pack_global_tooltip_border_radius_laptop&quot;:{&quot;unit&quot;:&quot;px&quot;,&quot;top&quot;:&quot;&quot;,&quot;right&quot;:&quot;&quot;,&quot;bottom&quot;:&quot;&quot;,&quot;left&quot;:&quot;&quot;,&quot;isLinked&quot;:true},&quot;element_pack_global_tooltip_border_radius_tablet&quot;:{&quot;unit&quot;:&quot;px&quot;,&quot;top&quot;:&quot;&quot;,&quot;right&quot;:&quot;&quot;,&quot;bottom&quot;:&quot;&quot;,&quot;left&quot;:&quot;&quot;,&quot;isLinked&quot;:true},&quot;element_pack_global_tooltip_border_radius_mobile&quot;:{&quot;unit&quot;:&quot;px&quot;,&quot;top&quot;:&quot;&quot;,&quot;right&quot;:&quot;&quot;,&quot;bottom&quot;:&quot;&quot;,&quot;left&quot;:&quot;&quot;,&quot;isLinked&quot;:true}}\" data-elementor-post-type=\"page\">\n\t\t\t\t<div class=\"elementor-element elementor-element-f809d97 e-flex e-con-boxed e-con e-parent\" data-id=\"f809d97\" data-element_type=\"container\" data-e-type=\"container\" data-settings=\"{&quot;jet_parallax_layout_list&quot;:[]}\">\n\t\t\t\t\t<div class=\"e-con-inner\">\n\t\t<div class=\"elementor-element elementor-element-87f342d e-con-full e-flex e-con e-child\" data-id=\"87f342d\" data-element_type=\"container\" data-e-type=\"container\" data-settings=\"{&quot;background_background&quot;:&quot;gradient&quot;,&quot;jet_parallax_layout_list&quot;:[]}\">\n\t\t\t\t<div class=\"elementor-element elementor-element-0335417 elementor-position-left bdt-global-link-yes nazaj bdt-icon-type-icon bdt-icon-effect-none elementor-widget elementor-widget-global elementor-global-1324 elementor-widget-bdt-advanced-icon-box\" data-id=\"0335417\" data-element_type=\"widget\" data-e-type=\"widget\" data-widget_type=\"bdt-advanced-icon-box.default\">\n\t\t\t\t<div class=\"elementor-widget-container\">\n\t\t\t\t\t\t\t<div class=\"bdt-ep-advanced-icon-box\">\n\n\t\t\t\n\t\t\t<div class=\"bdt-ep-advanced-icon-box-content\">\n\n\t\t\t\t\t\t\t\t\t\t\t<div class=\"bdt-ep-advanced-icon-box-icon-heading bdt-flex bdt-flex-middle\">\n\n\t\t\t\n\t\t\t\t\t<div class=\"bdt-ep-advanced-icon-box-icon\">\n\t\t\t\t<span class=\"bdt-ep-advanced-icon-box-icon-wrap\">\n\n\n\t\t\t\t\t\n\t\t\t\t\t\t<i aria-hidden=\"true\" class=\"icon icon-left-arrow-1\"><\/i>\n\n\t\t\t\t\t\t\t\t\t<\/span>\n\t\t\t<\/div>\n\t\t\n\t\n\n\t\t\t<div class=\"bdt-icon-box-title-wrapper\">\n\n\t\t\t\t\n\n\t\t\t\t\t\t\t<\/div>\n\t\t<\/div>\n\t\t\t\t\t\n\t\t\t\t\n\t\t\t\t\n\t\t\t\t\t\t\t<\/div>\n\t\t<\/div>\n\n\t\t\n\t\t\n\t\t\t\t<\/div>\n\t\t\t\t<\/div>\n\t\t\t\t<\/div>\n\t\t<div class=\"elementor-element elementor-element-bec24be e-con-full e-flex e-con e-child\" data-id=\"bec24be\" data-element_type=\"container\" data-e-type=\"container\" data-settings=\"{&quot;background_background&quot;:&quot;classic&quot;,&quot;jet_parallax_layout_list&quot;:[]}\">\n\t\t\t\t<div class=\"elementor-element elementor-element-537fe8a elementor-widget__width-inherit elementor-widget-mobile__width-inherit elementor-widget elementor-widget-image\" data-id=\"537fe8a\" data-element_type=\"widget\" data-e-type=\"widget\" data-widget_type=\"image.default\">\n\t\t\t\t<div class=\"elementor-widget-container\">\n\t\t\t\t\t\t\t\t\t\t\t\t\t\t\t<img fetchpriority=\"high\" decoding=\"async\" width=\"2000\" height=\"555\" src=\"https:\/\/marija.si\/wp-content\/uploads\/2024\/12\/muzej-jaslic.jpg\" class=\"attachment-full size-full wp-image-2784\" alt=\"\" srcset=\"https:\/\/marija.si\/wp-content\/uploads\/2024\/12\/muzej-jaslic.jpg 2000w, https:\/\/marija.si\/wp-content\/uploads\/2024\/12\/muzej-jaslic-300x83.jpg 300w, https:\/\/marija.si\/wp-content\/uploads\/2024\/12\/muzej-jaslic-1024x284.jpg 1024w, https:\/\/marija.si\/wp-content\/uploads\/2024\/12\/muzej-jaslic-768x213.jpg 768w, https:\/\/marija.si\/wp-content\/uploads\/2024\/12\/muzej-jaslic-1536x426.jpg 1536w\" sizes=\"(max-width: 2000px) 100vw, 2000px\" \/>\t\t\t\t\t\t\t\t\t\t\t\t\t\t\t<\/div>\n\t\t\t\t<\/div>\n\t\t\t\t<div class=\"elementor-element elementor-element-fc97855 elementor-widget elementor-widget-heading\" data-id=\"fc97855\" data-element_type=\"widget\" data-e-type=\"widget\" data-widget_type=\"heading.default\">\n\t\t\t\t<div class=\"elementor-widget-container\">\n\t\t\t\t\t<h2 class=\"elementor-heading-title elementor-size-default\">Das Krippenmuseum Brezje ist eine einzigartige Sammlung, die \u00fcber 450 verschiedene Exponate enth\u00e4lt \u2013 Krippen aus allen Teilen der Welt.<\/h2>\t\t\t\t<\/div>\n\t\t\t\t<\/div>\n\t\t\t\t<div class=\"elementor-element elementor-element-3201333 elementor-widget__width-initial elementor-widget elementor-widget-text-editor\" data-id=\"3201333\" data-element_type=\"widget\" data-e-type=\"widget\" data-widget_type=\"text-editor.default\">\n\t\t\t\t<div class=\"elementor-widget-container\">\n\t\t\t\t\t\t\t\t\t<p>Beim Spaziergang durch die zehn R\u00e4ume des Krippenmuseums Brezje begegnen wir der Geschichte der Krippenkunst, lernen die Bedeutung der einzelnen Krippenfiguren und Szenen kennen und bewundern die verschiedenen Techniken und Materialien, die zur Herstellung der Krippen verwendet werden. Das Krippenmuseum Brezje befindet sich im ehemaligen Klosterstall, und die urspr\u00fcngliche Zweckbestimmung der R\u00e4ume ist im Museum noch immer sichtbar. <\/p>\n<p>In den Krippen dr\u00fcckt sich vieles aus, sei es der K\u00fcnstler, der sie geschaffen hat, das Material, das er verwendet hat, die Zeit und der Ort, an dem er gearbeitet hat. Auch das Krippenmuseum wurde in verschiedene Bereiche unterteilt: Vom einf\u00fchrenden Abschnitt, in dem wir die Geschichte der Krippenaufstellung, das Werkzeug zur Herstellung von Krippen, einzelne Krippengruppen und verschiedene Arten von Krippen kennenlernen. <br \/>Neben den Weihnachtskrippen, die bei uns am bekanntesten sind, begegnen wir im zweiten Raum der Passionskrippe, der Pfingstkrippe und der Auferstehungs-Krippe. Die authentischsten und vielleicht tiefsten Erinnerungen des slowenischen Volkes an die Weihnachtsfeiertage kehren beim Aufstellen der Krippe im \u201eBogkovem\u201c Eck des Hauses zur\u00fcck, wo die Eckkrippen aufgestellt wurden, die ebenfalls im Museum pr\u00e4sentiert werden.  <\/p>\n\t\t\t\t\t\t\t\t<\/div>\n\t\t\t\t<\/div>\n\t\t\t\t<div class=\"elementor-element elementor-element-2940fe8 elementor-widget__width-initial elementor-widget elementor-widget-image\" data-id=\"2940fe8\" data-element_type=\"widget\" data-e-type=\"widget\" data-widget_type=\"image.default\">\n\t\t\t\t<div class=\"elementor-widget-container\">\n\t\t\t\t\t\t\t\t\t\t\t\t\t\t\t<img decoding=\"async\" width=\"2000\" height=\"1500\" src=\"https:\/\/marija.si\/wp-content\/uploads\/2024\/12\/Layer-jaslice.jpg\" class=\"attachment-full size-full wp-image-2775\" alt=\"\" srcset=\"https:\/\/marija.si\/wp-content\/uploads\/2024\/12\/Layer-jaslice.jpg 2000w, https:\/\/marija.si\/wp-content\/uploads\/2024\/12\/Layer-jaslice-300x225.jpg 300w, https:\/\/marija.si\/wp-content\/uploads\/2024\/12\/Layer-jaslice-1024x768.jpg 1024w, https:\/\/marija.si\/wp-content\/uploads\/2024\/12\/Layer-jaslice-768x576.jpg 768w, https:\/\/marija.si\/wp-content\/uploads\/2024\/12\/Layer-jaslice-1536x1152.jpg 1536w\" sizes=\"(max-width: 2000px) 100vw, 2000px\" \/>\t\t\t\t\t\t\t\t\t\t\t\t\t\t\t<\/div>\n\t\t\t\t<\/div>\n\t\t\t\t<div class=\"elementor-element elementor-element-03c5db8 elementor-widget__width-initial elementor-widget elementor-widget-image\" data-id=\"03c5db8\" data-element_type=\"widget\" data-e-type=\"widget\" data-widget_type=\"image.default\">\n\t\t\t\t<div class=\"elementor-widget-container\">\n\t\t\t\t\t\t\t\t\t\t\t\t\t\t\t<img decoding=\"async\" width=\"800\" height=\"372\" src=\"https:\/\/marija.si\/wp-content\/uploads\/2024\/12\/manjse18-jaslice.jpg\" class=\"attachment-full size-full wp-image-2778\" alt=\"\" srcset=\"https:\/\/marija.si\/wp-content\/uploads\/2024\/12\/manjse18-jaslice.jpg 800w, https:\/\/marija.si\/wp-content\/uploads\/2024\/12\/manjse18-jaslice-300x140.jpg 300w, https:\/\/marija.si\/wp-content\/uploads\/2024\/12\/manjse18-jaslice-768x357.jpg 768w\" sizes=\"(max-width: 800px) 100vw, 800px\" \/>\t\t\t\t\t\t\t\t\t\t\t\t\t\t\t<\/div>\n\t\t\t\t<\/div>\n\t\t\t\t<div class=\"elementor-element elementor-element-f9f48da elementor-widget__width-initial elementor-widget elementor-widget-text-editor\" data-id=\"f9f48da\" data-element_type=\"widget\" data-e-type=\"widget\" data-widget_type=\"text-editor.default\">\n\t\t\t\t<div class=\"elementor-widget-container\">\n\t\t\t\t\t\t\t\t\t<p>Im weiteren Verlauf des Museums werden zahlreiche slowenische Krippenk\u00fcnstler sowie Krippen aus anderen europ\u00e4ischen L\u00e4ndern und entfernteren Gebieten pr\u00e4sentiert. Durch die fremden L\u00e4nder f\u00fchrt uns das Licht des Sterns, der die Weisen nach Bethlehem gef\u00fchrt hat, und uns in den neuen Teil des Museums, wo wir durch eine filmische Erz\u00e4hlung den Krippen in Kriegs- und heutigen Zeiten folgen. Im neuen Teil ist das Konzept des Museums etwas anders, die R\u00e4ume sind f\u00fcr die eigenst\u00e4ndige Raumgestaltung gr\u00f6\u00dferer Krippen vorgesehen. Die Dunkelheit des Raumes verwandelt sich in einen hellen Raum, in dem der Besucher vom Beobachter in die Welt der Krippen eintaucht.   <\/p>\n<p>Die Ausstellung endet mit der Reproduktion eines Freskos aus Greccio, der ersten Krippe von Heiligen Franziskus von Assisi, beleuchtet durch ein Ziegelspinnennetz, das das Licht durchl\u00e4sst und ein Spiel von Licht und Schatten schafft. <\/p>\n\t\t\t\t\t\t\t\t<\/div>\n\t\t\t\t<\/div>\n\t\t\t\t<\/div>\n\t\t<div class=\"elementor-element elementor-element-e4ee405 e-con-full e-flex e-con e-child\" data-id=\"e4ee405\" data-element_type=\"container\" data-e-type=\"container\" data-settings=\"{&quot;jet_parallax_layout_list&quot;:[]}\">\n\t\t<div class=\"elementor-element elementor-element-9c363bc e-con-full e-flex e-con e-child\" data-id=\"9c363bc\" data-element_type=\"container\" data-e-type=\"container\" data-settings=\"{&quot;background_background&quot;:&quot;classic&quot;,&quot;jet_parallax_layout_list&quot;:[]}\">\n\t\t<div class=\"elementor-element elementor-element-f7b1f6d e-con-full e-flex e-con e-child\" data-id=\"f7b1f6d\" data-element_type=\"container\" data-e-type=\"container\" data-settings=\"{&quot;jet_parallax_layout_list&quot;:[]}\">\n\t\t<div class=\"elementor-element elementor-element-d92975a e-con-full e-flex e-con e-child\" data-id=\"d92975a\" data-element_type=\"container\" data-e-type=\"container\" data-settings=\"{&quot;jet_parallax_layout_list&quot;:[],&quot;background_background&quot;:&quot;classic&quot;}\">\n\t\t\t\t<div class=\"elementor-element elementor-element-a33d23b elementor-widget elementor-widget-text-editor\" data-id=\"a33d23b\" data-element_type=\"widget\" data-e-type=\"widget\" data-widget_type=\"text-editor.default\">\n\t\t\t\t<div class=\"elementor-widget-container\">\n\t\t\t\t\t\t\t\t\t<p><strong>Das Krippenmuseum Brezje ist ge\u00f6ffnet: <\/strong> <br \/>Samstag \u2013 Sonntag, von 9:00 bis 16:00 Uhr.  <\/p>\n\t\t\t\t\t\t\t\t<\/div>\n\t\t\t\t<\/div>\n\t\t\t\t<\/div>\n\t\t<div class=\"elementor-element elementor-element-b11959b e-con-full e-flex e-con e-child\" data-id=\"b11959b\" data-element_type=\"container\" data-e-type=\"container\" data-settings=\"{&quot;jet_parallax_layout_list&quot;:[],&quot;background_background&quot;:&quot;classic&quot;}\">\n\t\t\t\t<div class=\"elementor-element elementor-element-6e2e28c elementor-widget elementor-widget-text-editor\" data-id=\"6e2e28c\" data-element_type=\"widget\" data-e-type=\"widget\" data-widget_type=\"text-editor.default\">\n\t\t\t\t<div class=\"elementor-widget-container\">\n\t\t\t\t\t\t\t\t\t<p><strong>Eintrittspreise: <\/strong> <br \/>Erwachsene: 4,50 EUR <br \/>Erwachsene in Gruppen (mindestens 15 Personen): 4 EUR <br \/>Rentner, Menschen mit Behinderung: 3,50 EUR <br \/>Sch\u00fcler, Studenten: 3,50 EUR<\/p><p>Familien (mindestens 3 Familienmitglieder): 9 EUR <br \/>Vorschulkinder: kostenlos<\/p>\t\t\t\t\t\t\t\t<\/div>\n\t\t\t\t<\/div>\n\t\t\t\t<div class=\"elementor-element elementor-element-657c64d elementor-widget elementor-widget-text-editor\" data-id=\"657c64d\" data-element_type=\"widget\" data-e-type=\"widget\" data-widget_type=\"text-editor.default\">\n\t\t\t\t<div class=\"elementor-widget-container\">\n\t\t\t\t\t\t\t\t\t<p><strong>F\u00fchrung in slowenischer Sprache: <\/strong><br \/>Gruppen bis 10 Personen: 23,00 EUR <br \/>Mehr als 10 Personen: 2 EUR pro Person<\/p><p><strong>F\u00fchrung in einer Fremdsprache: <\/strong> <br \/>Gruppen bis 10 Personen: 43,00 EUR <br \/>Mehr als 10 Personen: 3,50 EUR pro Person<\/p>\t\t\t\t\t\t\t\t<\/div>\n\t\t\t\t<\/div>\n\t\t\t\t<div class=\"elementor-element elementor-element-0200c6b elementor-widget elementor-widget-text-editor\" data-id=\"0200c6b\" data-element_type=\"widget\" data-e-type=\"widget\" data-widget_type=\"text-editor.default\">\n\t\t\t\t<div class=\"elementor-widget-container\">\n\t\t\t\t\t\t\t\t\t<p>(F\u00fcr F\u00fchrungen ist eine Voranmeldung der Gruppe erforderlich. F\u00fchrungen durch andere F\u00fchrer im Krippenmuseum Brezje sind nicht gestattet.)<\/p>\n\t\t\t\t\t\t\t\t<\/div>\n\t\t\t\t<\/div>\n\t\t\t\t<\/div>\n\t\t<div class=\"elementor-element elementor-element-409d334 e-con-full e-flex e-con e-child\" data-id=\"409d334\" data-element_type=\"container\" data-e-type=\"container\" data-settings=\"{&quot;background_background&quot;:&quot;classic&quot;,&quot;jet_parallax_layout_list&quot;:[]}\">\n\t\t\t\t<div class=\"elementor-element elementor-element-e55186f elementor-widget elementor-widget-image\" data-id=\"e55186f\" data-element_type=\"widget\" data-e-type=\"widget\" data-widget_type=\"image.default\">\n\t\t\t\t<div class=\"elementor-widget-container\">\n\t\t\t\t\t\t\t\t\t\t\t\t\t\t\t<img loading=\"lazy\" decoding=\"async\" width=\"675\" height=\"675\" src=\"https:\/\/marija.si\/wp-content\/uploads\/2024\/12\/vhodni-vrt-52.jpg\" class=\"attachment-full size-full wp-image-2787\" alt=\"\" srcset=\"https:\/\/marija.si\/wp-content\/uploads\/2024\/12\/vhodni-vrt-52.jpg 675w, https:\/\/marija.si\/wp-content\/uploads\/2024\/12\/vhodni-vrt-52-300x300.jpg 300w, https:\/\/marija.si\/wp-content\/uploads\/2024\/12\/vhodni-vrt-52-150x150.jpg 150w\" sizes=\"(max-width: 675px) 100vw, 675px\" \/>\t\t\t\t\t\t\t\t\t\t\t\t\t\t\t<\/div>\n\t\t\t\t<\/div>\n\t\t<div class=\"elementor-element elementor-element-b711722 e-con-full e-flex e-con e-child\" data-id=\"b711722\" data-element_type=\"container\" data-e-type=\"container\" data-settings=\"{&quot;jet_parallax_layout_list&quot;:[]}\">\n\t\t\t\t<div class=\"elementor-element elementor-element-56b5900 elementor-widget elementor-widget-heading\" data-id=\"56b5900\" data-element_type=\"widget\" data-e-type=\"widget\" data-widget_type=\"heading.default\">\n\t\t\t\t<div class=\"elementor-widget-container\">\n\t\t\t\t\t<h2 class=\"elementor-heading-title elementor-size-default\"><a href=\"https:\/\/marija.si\/kontakt\/\">Krippenmuseum Brezje, Romar d.o.o.<\/a><\/h2>\t\t\t\t<\/div>\n\t\t\t\t<\/div>\n\t\t\t\t<div class=\"elementor-element elementor-element-afb1c29 elementor-icon-list--layout-traditional elementor-list-item-link-full_width elementor-widget elementor-widget-icon-list\" data-id=\"afb1c29\" data-element_type=\"widget\" data-e-type=\"widget\" data-widget_type=\"icon-list.default\">\n\t\t\t\t<div class=\"elementor-widget-container\">\n\t\t\t\t\t\t\t<ul class=\"elementor-icon-list-items\">\n\t\t\t\t\t\t\t<li class=\"elementor-icon-list-item\">\n\t\t\t\t\t\t\t\t\t\t\t<a href=\"tel:0038645370700\">\n\n\t\t\t\t\t\t\t\t\t\t\t<span class=\"elementor-icon-list-text\">(04) 537 07 00<\/span>\n\t\t\t\t\t\t\t\t\t\t\t<\/a>\n\t\t\t\t\t\t\t\t\t<\/li>\n\t\t\t\t\t\t\t\t<li class=\"elementor-icon-list-item\">\n\t\t\t\t\t\t\t\t\t\t\t<a href=\"tel:0038631371440\">\n\n\t\t\t\t\t\t\t\t\t\t\t<span class=\"elementor-icon-list-text\">031 371 440<\/span>\n\t\t\t\t\t\t\t\t\t\t\t<\/a>\n\t\t\t\t\t\t\t\t\t<\/li>\n\t\t\t\t\t\t\t\t<li class=\"elementor-icon-list-item\">\n\t\t\t\t\t\t\t\t\t\t\t<a href=\"mailto:info@marija.si\">\n\n\t\t\t\t\t\t\t\t\t\t\t<span class=\"elementor-icon-list-text\">info@marija.si<\/span>\n\t\t\t\t\t\t\t\t\t\t\t<\/a>\n\t\t\t\t\t\t\t\t\t<\/li>\n\t\t\t\t\t\t\t\t<li class=\"elementor-icon-list-item\">\n\t\t\t\t\t\t\t\t\t\t\t<a href=\"https:\/\/maps.app.goo.gl\/uw7gde1jtd9rTU8H8\" target=\"_blank\" rel=\"noopener\">\n\n\t\t\t\t\t\t\t\t\t\t\t<span class=\"elementor-icon-list-text\">Brezje 72, 4243 Brezje<\/span>\n\t\t\t\t\t\t\t\t\t\t\t<\/a>\n\t\t\t\t\t\t\t\t\t<\/li>\n\t\t\t\t\t\t<\/ul>\n\t\t\t\t\t\t<\/div>\n\t\t\t\t<\/div>\n\t\t\t\t<div class=\"elementor-element elementor-element-0e1e279 elementor-laptop-align-left levo elementor-widget elementor-widget-bdt-advanced-button\" data-id=\"0e1e279\" data-element_type=\"widget\" data-e-type=\"widget\" data-widget_type=\"bdt-advanced-button.default\">\n\t\t\t\t<div class=\"elementor-widget-container\">\n\t\t\t\t\t\t\t<div class=\"bdt-ep-button-wrapper\">\n\t\t\t<a href=\"https:\/\/www.jaslice-brezje.si\/\" target=\"_blank\" class=\"bdt-ep-button bdt-ep-button-effect-a bdt-ep-button-size-md\" rel=\"noopener\">\n\t\t\t\t\t\t<div class=\"bdt-ep-button-content-wrapper bdt-flex bdt-flex-middle bdt-flex-center  \" data-text=\"jaslice-brezje.si\">\n\t\t\t\t\t\t\t<div class=\"bdt-ep-button-icon bdt-flex-center bdt-flex-align-left\">\n\t\t\t\t\t<div class=\"bdt-ep-button-icon-inner\">\n\n\t\t\t\t\t\t<i aria-hidden=\"true\" class=\"fa-fw icon icon-link-1\"><\/i>\n\t\t\t\t\t<\/div>\n\t\t\t\t<\/div>\n\t\t\t\n\t\t\t<div class=\"bdt-ep-button-text\">\n\n\t\t\t\t<span class=\"avdbtn-text\">\n\t\t\t\t\tjaslice-brezje.si\t\t\t\t<\/span>\n\n\t\t\t\t\t\t\t<\/div>\n\n\t\t\t\n\t\t<\/div>\n\t\t\t\t\t<\/a>\n\t\t<\/div>\n\t\t\t\t\t\t<\/div>\n\t\t\t\t<\/div>\n\t\t\t\t<\/div>\n\t\t\t\t<\/div>\n\t\t\t\t<\/div>\n\t\t\t\t<div class=\"elementor-element elementor-element-008cf53 elementor-widget__width-initial elementor-widget-mobile__width-inherit elementor-widget elementor-widget-image\" data-id=\"008cf53\" data-element_type=\"widget\" data-e-type=\"widget\" data-widget_type=\"image.default\">\n\t\t\t\t<div class=\"elementor-widget-container\">\n\t\t\t\t\t\t\t\t\t\t\t\t\t\t\t<img loading=\"lazy\" decoding=\"async\" width=\"800\" height=\"600\" src=\"https:\/\/marija.si\/wp-content\/uploads\/2024\/12\/manjse200-jaslice.jpg\" class=\"attachment-full size-full wp-image-2781\" alt=\"\" srcset=\"https:\/\/marija.si\/wp-content\/uploads\/2024\/12\/manjse200-jaslice.jpg 800w, https:\/\/marija.si\/wp-content\/uploads\/2024\/12\/manjse200-jaslice-300x225.jpg 300w, https:\/\/marija.si\/wp-content\/uploads\/2024\/12\/manjse200-jaslice-768x576.jpg 768w\" sizes=\"(max-width: 800px) 100vw, 800px\" \/>\t\t\t\t\t\t\t\t\t\t\t\t\t\t\t<\/div>\n\t\t\t\t<\/div>\n\t\t\t\t<\/div>\n\t\t<div class=\"elementor-element elementor-element-03e512f e-con-full e-flex e-con e-child\" data-id=\"03e512f\" data-element_type=\"container\" data-e-type=\"container\" data-settings=\"{&quot;background_background&quot;:&quot;classic&quot;,&quot;jet_parallax_layout_list&quot;:[]}\">\n\t\t\t\t<div class=\"elementor-element elementor-element-c4accfc e-transform e-transform elementor-widget elementor-widget-heading\" data-id=\"c4accfc\" data-element_type=\"widget\" data-e-type=\"widget\" id=\"vertical-h\" data-settings=\"{&quot;_transform_rotateZ_effect&quot;:{&quot;unit&quot;:&quot;px&quot;,&quot;size&quot;:-90,&quot;sizes&quot;:[]},&quot;_transform_translateX_effect&quot;:{&quot;unit&quot;:&quot;px&quot;,&quot;size&quot;:-40,&quot;sizes&quot;:[]},&quot;_transform_translateX_effect_laptop&quot;:{&quot;unit&quot;:&quot;px&quot;,&quot;size&quot;:-36,&quot;sizes&quot;:[]},&quot;_transform_translateX_effect_tablet&quot;:{&quot;unit&quot;:&quot;%&quot;,&quot;size&quot;:0,&quot;sizes&quot;:[]},&quot;_transform_translateX_effect_mobile&quot;:{&quot;unit&quot;:&quot;%&quot;,&quot;size&quot;:0,&quot;sizes&quot;:[]},&quot;_transform_rotateZ_effect_mobile&quot;:{&quot;unit&quot;:&quot;deg&quot;,&quot;size&quot;:0,&quot;sizes&quot;:[]},&quot;_transform_rotateZ_effect_tablet&quot;:{&quot;unit&quot;:&quot;deg&quot;,&quot;size&quot;:0,&quot;sizes&quot;:[]},&quot;_transform_rotateZ_effect_laptop&quot;:{&quot;unit&quot;:&quot;deg&quot;,&quot;size&quot;:&quot;&quot;,&quot;sizes&quot;:[]},&quot;_transform_translateY_effect&quot;:{&quot;unit&quot;:&quot;px&quot;,&quot;size&quot;:&quot;&quot;,&quot;sizes&quot;:[]},&quot;_transform_translateY_effect_laptop&quot;:{&quot;unit&quot;:&quot;px&quot;,&quot;size&quot;:&quot;&quot;,&quot;sizes&quot;:[]},&quot;_transform_translateY_effect_tablet&quot;:{&quot;unit&quot;:&quot;px&quot;,&quot;size&quot;:&quot;&quot;,&quot;sizes&quot;:[]},&quot;_transform_translateY_effect_mobile&quot;:{&quot;unit&quot;:&quot;px&quot;,&quot;size&quot;:&quot;&quot;,&quot;sizes&quot;:[]}}\" data-widget_type=\"heading.default\">\n\t\t\t\t<div class=\"elementor-widget-container\">\n\t\t\t\t\t<h2 class=\"elementor-heading-title elementor-size-default\">Info <\/h2>\t\t\t\t<\/div>\n\t\t\t\t<\/div>\n\t\t\t\t<\/div>\n\t\t\t\t<\/div>\n\t\t\t\t\t<\/div>\n\t\t\t\t<\/div>\n\t\t\t\t<\/div>\n\t\t","protected":false},"excerpt":{"rendered":"<p>Das Krippenmuseum Brezje ist eine einzigartige Sammlung, die \u00fcber 450 verschiedene Exponate enth\u00e4lt \u2013 Krippen aus allen Teilen der Welt. Beim Spaziergang durch die zehn R\u00e4ume des Krippenmuseums Brezje begegnen wir der Geschichte der Krippenkunst, lernen die Bedeutung der einzelnen Krippenfiguren und Szenen kennen und bewundern die verschiedenen Techniken und Materialien, die zur Herstellung der [&hellip;]<\/p>\n","protected":false},"author":1,"featured_media":0,"parent":0,"menu_order":0,"comment_status":"closed","ping_status":"closed","template":"","meta":{"gallery":"","dateEnd":"","displayOrder":0,"videosArray":[],"audiosArray":[],"othersArray":[],"footnotes":""},"class_list":["post-2613","page","type-page","status-publish","hentry"],"_links":{"self":[{"href":"https:\/\/marija.si\/de\/wp-json\/wp\/v2\/pages\/2613","targetHints":{"allow":["GET"]}}],"collection":[{"href":"https:\/\/marija.si\/de\/wp-json\/wp\/v2\/pages"}],"about":[{"href":"https:\/\/marija.si\/de\/wp-json\/wp\/v2\/types\/page"}],"author":[{"embeddable":true,"href":"https:\/\/marija.si\/de\/wp-json\/wp\/v2\/users\/1"}],"replies":[{"embeddable":true,"href":"https:\/\/marija.si\/de\/wp-json\/wp\/v2\/comments?post=2613"}],"version-history":[{"count":8,"href":"https:\/\/marija.si\/de\/wp-json\/wp\/v2\/pages\/2613\/revisions"}],"predecessor-version":[{"id":16222,"href":"https:\/\/marija.si\/de\/wp-json\/wp\/v2\/pages\/2613\/revisions\/16222"}],"wp:attachment":[{"href":"https:\/\/marija.si\/de\/wp-json\/wp\/v2\/media?parent=2613"}],"curies":[{"name":"wp","href":"https:\/\/api.w.org\/{rel}","templated":true}]}}